{"id":6261,"date":"2023-03-27T16:12:15","date_gmt":"2023-03-27T14:12:15","guid":{"rendered":"https:\/\/blaum.orange-cube-werbeagentur.de\/?page_id=6261"},"modified":"2024-03-14T09:31:07","modified_gmt":"2024-03-14T08:31:07","slug":"aktuelles","status":"publish","type":"page","link":"https:\/\/blaum.de\/en\/aktuelles\/","title":{"rendered":"News"},"content":{"rendered":"<div data-elementor-type=\"wp-page\" data-elementor-id=\"6261\" class=\"elementor elementor-6261\" data-elementor-post-type=\"page\">\n\t\t\t\t\t\t<section class=\"elementor-section elementor-top-section elementor-element elementor-element-7906255 elementor-section-boxed elementor-section-height-default elementor-section-height-default\" data-id=\"7906255\" data-element_type=\"section\" data-e-type=\"section\" data-settings=\"{&quot;background_background&quot;:&quot;classic&quot;}\">\n\t\t\t\t\t\t\t<div class=\"elementor-background-overlay\"><\/div>\n\t\t\t\t\t\t\t<div class=\"elementor-container elementor-column-gap-default\">\n\t\t\t\t\t<div class=\"elementor-column elementor-col-100 elementor-top-column elementor-element elementor-element-389eec4\" data-id=\"389eec4\" data-element_type=\"column\" data-e-type=\"column\" data-settings=\"{&quot;background_background&quot;:&quot;classic&quot;}\">\n\t\t\t<div class=\"elementor-widget-wrap elementor-element-populated\">\n\t\t\t\t\t\t<div class=\"elementor-element elementor-element-9219afe elementor-widget elementor-widget-heading\" data-id=\"9219afe\" data-element_type=\"widget\" data-e-type=\"widget\" data-widget_type=\"heading.default\">\n\t\t\t\t\t<h2 class=\"elementor-heading-title elementor-size-default\">News<\/h2>\t\t\t\t<\/div>\n\t\t\t\t<div class=\"elementor-element elementor-element-347de2b elementor-posts--align-left animated-slow elementor-grid-3 elementor-grid-tablet-2 elementor-grid-mobile-1 elementor-posts--thumbnail-top elementor-invisible elementor-widget elementor-widget-posts\" data-id=\"347de2b\" data-element_type=\"widget\" data-e-type=\"widget\" data-settings=\"{&quot;classic_row_gap&quot;:{&quot;unit&quot;:&quot;px&quot;,&quot;size&quot;:67,&quot;sizes&quot;:[]},&quot;_animation&quot;:&quot;fadeIn&quot;,&quot;_animation_delay&quot;:230,&quot;pagination_type&quot;:&quot;numbers&quot;,&quot;classic_columns&quot;:&quot;3&quot;,&quot;classic_columns_tablet&quot;:&quot;2&quot;,&quot;classic_columns_mobile&quot;:&quot;1&quot;,&quot;classic_row_gap_tablet&quot;:{&quot;unit&quot;:&quot;px&quot;,&quot;size&quot;:&quot;&quot;,&quot;sizes&quot;:[]},&quot;classic_row_gap_mobile&quot;:{&quot;unit&quot;:&quot;px&quot;,&quot;size&quot;:&quot;&quot;,&quot;sizes&quot;:[]}}\" data-widget_type=\"posts.classic\">\n\t\t\t\t<div class=\"elementor-widget-container\">\n\t\t\t\t\t\t\t<div class=\"elementor-posts-container elementor-posts elementor-posts--skin-classic elementor-grid\" role=\"list\">\n\t\t\t\t<article class=\"elementor-post elementor-grid-item post-7857 post type-post status-publish format-standard has-post-thumbnail hentry category-allgemein category-it-e-commerce-und-datenschutzrecht\" role=\"listitem\">\n\t\t\t\t<a class=\"elementor-post__thumbnail__link\" href=\"https:\/\/blaum.de\/en\/sicher-im-digitalen-raum-it-e-commerce-und-datenschutzrecht-mit-blaum-auf-den-punkt-gebracht\/\" tabindex=\"-1\" >\n\t\t\t<div class=\"elementor-post__thumbnail\"><img fetchpriority=\"high\" decoding=\"async\" width=\"758\" height=\"500\" src=\"https:\/\/blaum.de\/wp-content\/uploads\/2025\/01\/Blaum-Image-rechtsschutz-e1712734059513.jpg.webp.jpeg.webp\" class=\"attachment-medium_large size-medium_large wp-image-7858\" alt=\"it Recht\" srcset=\"https:\/\/blaum.de\/wp-content\/uploads\/2025\/01\/Blaum-Image-rechtsschutz-e1712734059513.jpg.webp.jpeg.webp 758w, https:\/\/blaum.de\/wp-content\/uploads\/2025\/01\/Blaum-Image-rechtsschutz-e1712734059513.jpg.webp.jpeg-300x198.webp 300w, https:\/\/blaum.de\/wp-content\/uploads\/2025\/01\/Blaum-Image-rechtsschutz-e1712734059513.jpg.webp.jpeg-18x12.webp 18w\" sizes=\"(max-width: 758px) 100vw, 758px\" \/><\/div>\n\t\t<\/a>\n\t\t\t\t<div class=\"elementor-post__text\">\n\t\t\t\t<h3 class=\"elementor-post__title\">\n\t\t\t<a href=\"https:\/\/blaum.de\/en\/sicher-im-digitalen-raum-it-e-commerce-und-datenschutzrecht-mit-blaum-auf-den-punkt-gebracht\/\" >\n\t\t\t\tSicher im digitalen Raum: IT-, E-Commerce- und Datenschutzrecht mit blaum auf den Punkt gebracht\t\t\t<\/a>\n\t\t<\/h3>\n\t\t\t\t<div class=\"elementor-post__excerpt\">\n\t\t\t<p>Die Zusammenarbeit zwischen Melchers und Blaum reicht Jahrzehnte und \u00fcber mehrere Generationen von Gesellschaftern und Gesch\u00e4ftsf\u00fchrern zur\u00fcck. <\/p>\n\t\t<\/div>\n\t\t\t\t\t<div class=\"elementor-post__read-more-wrapper\">\n\t\t\n\t\t<a class=\"elementor-post__read-more\" href=\"https:\/\/blaum.de\/en\/sicher-im-digitalen-raum-it-e-commerce-und-datenschutzrecht-mit-blaum-auf-den-punkt-gebracht\/\" aria-label=\"Read more about Sicher im digitalen Raum: IT-, E-Commerce- und Datenschutzrecht mit blaum auf den Punkt gebracht\" tabindex=\"-1\" >\n\t\t\t&gt; Mehr Erfahren\t\t<\/a>\n\n\t\t\t\t\t<\/div>\n\t\t\t\t<\/div>\n\t\t\t\t<\/article>\n\t\t\t\t<article class=\"elementor-post elementor-grid-item post-7034 post type-post status-publish format-standard has-post-thumbnail hentry category-allgemein\" role=\"listitem\">\n\t\t\t\t<a class=\"elementor-post__thumbnail__link\" href=\"https:\/\/blaum.de\/en\/steiff-startet-china-offensive-mit-roedl-und-blaum\/\" tabindex=\"-1\" >\n\t\t\t<div class=\"elementor-post__thumbnail\"><img decoding=\"async\" width=\"768\" height=\"515\" src=\"https:\/\/blaum.de\/wp-content\/uploads\/2024\/03\/SteiffChina-OffensiveBlaum-768x515.jpg\" class=\"attachment-medium_large size-medium_large wp-image-7038\" alt=\"Steiff und Blaum\" srcset=\"https:\/\/blaum.de\/wp-content\/uploads\/2024\/03\/SteiffChina-OffensiveBlaum-768x515.jpg 768w, https:\/\/blaum.de\/wp-content\/uploads\/2024\/03\/SteiffChina-OffensiveBlaum-300x201.jpg 300w, https:\/\/blaum.de\/wp-content\/uploads\/2024\/03\/SteiffChina-OffensiveBlaum-18x12.jpg 18w, https:\/\/blaum.de\/wp-content\/uploads\/2024\/03\/SteiffChina-OffensiveBlaum.jpg 840w\" sizes=\"(max-width: 768px) 100vw, 768px\" \/><\/div>\n\t\t<\/a>\n\t\t\t\t<div class=\"elementor-post__text\">\n\t\t\t\t<h3 class=\"elementor-post__title\">\n\t\t\t<a href=\"https:\/\/blaum.de\/en\/steiff-startet-china-offensive-mit-roedl-und-blaum\/\" >\n\t\t\t\tSteiff startet China-Offensive mit R\u00f6dl und Blaum\t\t\t<\/a>\n\t\t<\/h3>\n\t\t\t\t<div class=\"elementor-post__excerpt\">\n\t\t\t<p>Die Zusammenarbeit zwischen Melchers und Blaum reicht Jahrzehnte und \u00fcber mehrere Generationen von Gesellschaftern und Gesch\u00e4ftsf\u00fchrern zur\u00fcck. <\/p>\n\t\t<\/div>\n\t\t\t\t\t<div class=\"elementor-post__read-more-wrapper\">\n\t\t\n\t\t<a class=\"elementor-post__read-more\" href=\"https:\/\/blaum.de\/en\/steiff-startet-china-offensive-mit-roedl-und-blaum\/\" aria-label=\"Read more about Steiff startet China-Offensive mit R\u00f6dl und Blaum\" tabindex=\"-1\" >\n\t\t\t&gt; Mehr Erfahren\t\t<\/a>\n\n\t\t\t\t\t<\/div>\n\t\t\t\t<\/div>\n\t\t\t\t<\/article>\n\t\t\t\t<article class=\"elementor-post elementor-grid-item post-7030 post type-post status-publish format-standard has-post-thumbnail hentry category-allgemein\" role=\"listitem\">\n\t\t\t\t<a class=\"elementor-post__thumbnail__link\" href=\"https:\/\/blaum.de\/en\/auszeichnung-als-top-arbeitgeber-der-azur\/\" tabindex=\"-1\" >\n\t\t\t<div class=\"elementor-post__thumbnail\"><img decoding=\"async\" width=\"768\" height=\"627\" src=\"https:\/\/blaum.de\/wp-content\/uploads\/2024\/03\/blaum-news-Azur-Top-arbeitgeber-768x627.jpg\" class=\"attachment-medium_large size-medium_large wp-image-7041\" alt=\"Azur Top100 Arbeitgebern\" srcset=\"https:\/\/blaum.de\/wp-content\/uploads\/2024\/03\/blaum-news-Azur-Top-arbeitgeber-768x627.jpg 768w, https:\/\/blaum.de\/wp-content\/uploads\/2024\/03\/blaum-news-Azur-Top-arbeitgeber-300x245.jpg 300w, https:\/\/blaum.de\/wp-content\/uploads\/2024\/03\/blaum-news-Azur-Top-arbeitgeber-1024x837.jpg 1024w, https:\/\/blaum.de\/wp-content\/uploads\/2024\/03\/blaum-news-Azur-Top-arbeitgeber-1536x1255.jpg 1536w, https:\/\/blaum.de\/wp-content\/uploads\/2024\/03\/blaum-news-Azur-Top-arbeitgeber-2048x1673.jpg 2048w, https:\/\/blaum.de\/wp-content\/uploads\/2024\/03\/blaum-news-Azur-Top-arbeitgeber-15x12.jpg 15w\" sizes=\"(max-width: 768px) 100vw, 768px\" \/><\/div>\n\t\t<\/a>\n\t\t\t\t<div class=\"elementor-post__text\">\n\t\t\t\t<h3 class=\"elementor-post__title\">\n\t\t\t<a href=\"https:\/\/blaum.de\/en\/auszeichnung-als-top-arbeitgeber-der-azur\/\" >\n\t\t\t\tAuszeichnung als Top Arbeitgeber der Azur\t\t\t<\/a>\n\t\t<\/h3>\n\t\t\t\t<div class=\"elementor-post__excerpt\">\n\t\t\t<p>Wir freuen uns sehr \u00fcber die Auszeichnung als \u201eTOP-Arbeitgeber: Norden\u201c und die Platzierung in in den Top100 Arbeitgebern der Azur<\/p>\n\t\t<\/div>\n\t\t\t\t\t<div class=\"elementor-post__read-more-wrapper\">\n\t\t\n\t\t<a class=\"elementor-post__read-more\" href=\"https:\/\/blaum.de\/en\/auszeichnung-als-top-arbeitgeber-der-azur\/\" aria-label=\"Read more about Auszeichnung als Top Arbeitgeber der Azur\" tabindex=\"-1\" >\n\t\t\t&gt; Mehr Erfahren\t\t<\/a>\n\n\t\t\t\t\t<\/div>\n\t\t\t\t<\/div>\n\t\t\t\t<\/article>\n\t\t\t\t<article class=\"elementor-post elementor-grid-item post-5194 post type-post status-publish format-standard has-post-thumbnail hentry category-allgemein\" role=\"listitem\">\n\t\t\t\t<a class=\"elementor-post__thumbnail__link\" href=\"https:\/\/blaum.de\/en\/kanzlei-des-jahres-norden-blaum-dettmers-rabstein\/\" tabindex=\"-1\" >\n\t\t\t<div class=\"elementor-post__thumbnail\"><img loading=\"lazy\" decoding=\"async\" width=\"768\" height=\"630\" src=\"https:\/\/blaum.de\/wp-content\/uploads\/2023\/01\/News_blaum-Juve-kanzlei-Norden-768x630.jpg\" class=\"attachment-medium_large size-medium_large wp-image-5195\" alt=\"Juve Awards 2022 Blaum\" srcset=\"https:\/\/blaum.de\/wp-content\/uploads\/2023\/01\/News_blaum-Juve-kanzlei-Norden-768x630.jpg 768w, https:\/\/blaum.de\/wp-content\/uploads\/2023\/01\/News_blaum-Juve-kanzlei-Norden-300x246.jpg 300w, https:\/\/blaum.de\/wp-content\/uploads\/2023\/01\/News_blaum-Juve-kanzlei-Norden-1024x840.jpg 1024w, https:\/\/blaum.de\/wp-content\/uploads\/2023\/01\/News_blaum-Juve-kanzlei-Norden-15x12.jpg 15w, https:\/\/blaum.de\/wp-content\/uploads\/2023\/01\/News_blaum-Juve-kanzlei-Norden.jpg 1200w\" sizes=\"(max-width: 768px) 100vw, 768px\" \/><\/div>\n\t\t<\/a>\n\t\t\t\t<div class=\"elementor-post__text\">\n\t\t\t\t<h3 class=\"elementor-post__title\">\n\t\t\t<a href=\"https:\/\/blaum.de\/en\/kanzlei-des-jahres-norden-blaum-dettmers-rabstein\/\" >\n\t\t\t\t&#8222;KANZLEI DES JAHRES NORDEN:\u00a0BLAUM DETTMERS RABSTEIN&#8220;\t\t\t<\/a>\n\t\t<\/h3>\n\t\t\t\t<div class=\"elementor-post__excerpt\">\n\t\t\t<p>Insbesondere f\u00fcr die Corporate-Arbeit ist ein Mehrwert. Hier z\u00e4hlt blaum dank eines starken Notariats, internationaler Erfahrung und Partnern wie Dr. G\u00f6tz Grevesm\u00fchl und Dr. Andreas Holzh\u00fcter \u2013 die zugleich f\u00fcr den gelungenen Generationswechsel stehen \u2013 in Bremen zu den unbestrittenen Marktf\u00fchrern.<\/p>\n\t\t<\/div>\n\t\t\t\t\t<div class=\"elementor-post__read-more-wrapper\">\n\t\t\n\t\t<a class=\"elementor-post__read-more\" href=\"https:\/\/blaum.de\/en\/kanzlei-des-jahres-norden-blaum-dettmers-rabstein\/\" aria-label=\"Read more about &#8222;KANZLEI DES JAHRES NORDEN:\u00a0BLAUM DETTMERS RABSTEIN&#8220;\" tabindex=\"-1\" >\n\t\t\t&gt; Mehr Erfahren\t\t<\/a>\n\n\t\t\t\t\t<\/div>\n\t\t\t\t<\/div>\n\t\t\t\t<\/article>\n\t\t\t\t<article class=\"elementor-post elementor-grid-item post-3562 post type-post status-publish format-standard has-post-thumbnail hentry category-allgemein\" role=\"listitem\">\n\t\t\t\t<a class=\"elementor-post__thumbnail__link\" href=\"https:\/\/blaum.de\/en\/ausbildung-bei-blaum\/\" tabindex=\"-1\" >\n\t\t\t<div class=\"elementor-post__thumbnail\"><img loading=\"lazy\" decoding=\"async\" width=\"768\" height=\"547\" src=\"https:\/\/blaum.de\/wp-content\/uploads\/2022\/09\/blaum-azubi-ausbildung-768x547.jpg\" class=\"attachment-medium_large size-medium_large wp-image-4312\" alt=\"Ausbildung in der Kanzlei Blaum Dettmers Rabstein Rechtsanw\u00e4lte\" srcset=\"https:\/\/blaum.de\/wp-content\/uploads\/2022\/09\/blaum-azubi-ausbildung-768x547.jpg 768w, https:\/\/blaum.de\/wp-content\/uploads\/2022\/09\/blaum-azubi-ausbildung-300x214.jpg 300w, https:\/\/blaum.de\/wp-content\/uploads\/2022\/09\/blaum-azubi-ausbildung-1024x730.jpg 1024w, https:\/\/blaum.de\/wp-content\/uploads\/2022\/09\/blaum-azubi-ausbildung-1536x1094.jpg 1536w, https:\/\/blaum.de\/wp-content\/uploads\/2022\/09\/blaum-azubi-ausbildung-18x12.jpg 18w, https:\/\/blaum.de\/wp-content\/uploads\/2022\/09\/blaum-azubi-ausbildung.jpg 1600w\" sizes=\"(max-width: 768px) 100vw, 768px\" \/><\/div>\n\t\t<\/a>\n\t\t\t\t<div class=\"elementor-post__text\">\n\t\t\t\t<h3 class=\"elementor-post__title\">\n\t\t\t<a href=\"https:\/\/blaum.de\/en\/ausbildung-bei-blaum\/\" >\n\t\t\t\tTraining at blaum\t\t\t<\/a>\n\t\t<\/h3>\n\t\t\t\t<div class=\"elementor-post__excerpt\">\n\t\t\t<p>Wir m\u00f6chten Ihnen die intensive Betreuung in einem angenehmen Arbeitsumfeld innerhalb eines motivierten Teams bei einer unseren hohen Anforderungen entsprechenden Verg\u00fctung bieten.<\/p>\n\t\t<\/div>\n\t\t\t\t\t<div class=\"elementor-post__read-more-wrapper\">\n\t\t\n\t\t<a class=\"elementor-post__read-more\" href=\"https:\/\/blaum.de\/en\/ausbildung-bei-blaum\/\" aria-label=\"Read more about Ausbildung bei blaum\" tabindex=\"-1\" >\n\t\t\t&gt; Mehr Erfahren\t\t<\/a>\n\n\t\t\t\t\t<\/div>\n\t\t\t\t<\/div>\n\t\t\t\t<\/article>\n\t\t\t\t<article class=\"elementor-post elementor-grid-item post-3554 post type-post status-publish format-standard has-post-thumbnail hentry category-allgemein\" role=\"listitem\">\n\t\t\t\t<a class=\"elementor-post__thumbnail__link\" href=\"https:\/\/blaum.de\/en\/kanzlei-des-jahres-fuer-den-mittelstand\/\" tabindex=\"-1\" >\n\t\t\t<div class=\"elementor-post__thumbnail\"><img loading=\"lazy\" decoding=\"async\" width=\"768\" height=\"493\" src=\"https:\/\/blaum.de\/wp-content\/uploads\/2022\/09\/blaum-Nomiert-kanzleidesjahres-768x493.jpg\" class=\"attachment-medium_large size-medium_large wp-image-3942\" alt=\"JUVE Awards 2022 Nominierung f\u00fcr Kanzlei blaum\" srcset=\"https:\/\/blaum.de\/wp-content\/uploads\/2022\/09\/blaum-Nomiert-kanzleidesjahres-768x493.jpg 768w, https:\/\/blaum.de\/wp-content\/uploads\/2022\/09\/blaum-Nomiert-kanzleidesjahres-300x192.jpg 300w, https:\/\/blaum.de\/wp-content\/uploads\/2022\/09\/blaum-Nomiert-kanzleidesjahres-1024x657.jpg 1024w, https:\/\/blaum.de\/wp-content\/uploads\/2022\/09\/blaum-Nomiert-kanzleidesjahres-18x12.jpg 18w, https:\/\/blaum.de\/wp-content\/uploads\/2022\/09\/blaum-Nomiert-kanzleidesjahres.jpg 1417w\" sizes=\"(max-width: 768px) 100vw, 768px\" \/><\/div>\n\t\t<\/a>\n\t\t\t\t<div class=\"elementor-post__text\">\n\t\t\t\t<h3 class=\"elementor-post__title\">\n\t\t\t<a href=\"https:\/\/blaum.de\/en\/kanzlei-des-jahres-fuer-den-mittelstand\/\" >\n\t\t\t\t\"Top law firms join forces\"\t\t\t<\/a>\n\t\t<\/h3>\n\t\t\t\t<div class=\"elementor-post__excerpt\">\n\t\t\t<p>Mit der Auszeichnung \u201eKanzlei des Jahres f\u00fcr den Mittelstand&#8220; w\u00fcrdigt JUVE \u00fcber einzelne Rechtsgebiete hinaus die Gesamtentwicklung der Kanzleien und bewertet unter anderem besondere Managementleistungen.<\/p>\n\t\t<\/div>\n\t\t\t\t\t<div class=\"elementor-post__read-more-wrapper\">\n\t\t\n\t\t<a class=\"elementor-post__read-more\" href=\"https:\/\/blaum.de\/en\/kanzlei-des-jahres-fuer-den-mittelstand\/\" aria-label=\"Read more about &#8222;KANZLEI DES JAHRES F\u00dcR DEN MITTELSTAND&#8220;\" tabindex=\"-1\" >\n\t\t\t&gt; Mehr Erfahren\t\t<\/a>\n\n\t\t\t\t\t<\/div>\n\t\t\t\t<\/div>\n\t\t\t\t<\/article>\n\t\t\t\t<article class=\"elementor-post elementor-grid-item post-3560 post type-post status-publish format-standard has-post-thumbnail hentry category-allgemein\" role=\"listitem\">\n\t\t\t\t<a class=\"elementor-post__thumbnail__link\" href=\"https:\/\/blaum.de\/en\/anwalte-des-jahres\/\" tabindex=\"-1\" >\n\t\t\t<div class=\"elementor-post__thumbnail\"><img loading=\"lazy\" decoding=\"async\" width=\"768\" height=\"549\" src=\"https:\/\/blaum.de\/wp-content\/uploads\/2022\/03\/blaum-Handelsblatt-768x549.jpg\" class=\"attachment-medium_large size-medium_large wp-image-3950\" alt=\"Handelsblatt Award Beste Anw\u00e4lte f\u00fcr Kanzlei Blaum Dettmers Rabstein\" srcset=\"https:\/\/blaum.de\/wp-content\/uploads\/2022\/03\/blaum-Handelsblatt-768x549.jpg 768w, https:\/\/blaum.de\/wp-content\/uploads\/2022\/03\/blaum-Handelsblatt-300x214.jpg 300w, https:\/\/blaum.de\/wp-content\/uploads\/2022\/03\/blaum-Handelsblatt-1024x731.jpg 1024w, https:\/\/blaum.de\/wp-content\/uploads\/2022\/03\/blaum-Handelsblatt-1536x1097.jpg 1536w, https:\/\/blaum.de\/wp-content\/uploads\/2022\/03\/blaum-Handelsblatt-18x12.jpg 18w, https:\/\/blaum.de\/wp-content\/uploads\/2022\/03\/blaum-Handelsblatt.jpg 1984w\" sizes=\"(max-width: 768px) 100vw, 768px\" \/><\/div>\n\t\t<\/a>\n\t\t\t\t<div class=\"elementor-post__text\">\n\t\t\t\t<h3 class=\"elementor-post__title\">\n\t\t\t<a href=\"https:\/\/blaum.de\/en\/anwalte-des-jahres\/\" >\n\t\t\t\t\"Lawyers of the Year\"\t\t\t<\/a>\n\t\t<\/h3>\n\t\t\t\t<div class=\"elementor-post__excerpt\">\n\t\t\t<p><\/p>\n<p>Das Handelsblatt und Best Lawyers w\u00e4hlen Deutschlands beste Anw\u00e4lte 2021:<\/p>\n<p><\/p>\n<p><\/p>\n<p>Wir freuen uns \u00fcber die Auszeichnungen in den Kategorien Transportrecht und Maritimes Wirtschaftsrecht f\u00fcr<a href=\"\/en\/category_4\/\">\u00a0Dr. Kay Uwe Bahnsen<\/a>\u00a0und\u00a0<a href=\"\/en\/category_4\/\">Daja H. B\u00f6hlhoff<\/a>.<\/p>\n<p><\/p>\n\t\t<\/div>\n\t\t\t\t\t<div class=\"elementor-post__read-more-wrapper\">\n\t\t\n\t\t<a class=\"elementor-post__read-more\" href=\"https:\/\/blaum.de\/en\/anwalte-des-jahres\/\" aria-label=\"Read more about &#8222;Anw\u00e4lte des Jahres&#8220;\" tabindex=\"-1\" >\n\t\t\t&gt; Mehr Erfahren\t\t<\/a>\n\n\t\t\t\t\t<\/div>\n\t\t\t\t<\/div>\n\t\t\t\t<\/article>\n\t\t\t\t<article class=\"elementor-post elementor-grid-item post-4302 post type-post status-publish format-standard has-post-thumbnail hentry category-allgemein\" role=\"listitem\">\n\t\t\t\t<a class=\"elementor-post__thumbnail__link\" href=\"https:\/\/blaum.de\/en\/willkommen\/\" tabindex=\"-1\" >\n\t\t\t<div class=\"elementor-post__thumbnail\"><img loading=\"lazy\" decoding=\"async\" width=\"768\" height=\"523\" src=\"https:\/\/blaum.de\/wp-content\/uploads\/2023\/03\/blaum-rechtsanwelte-notare.jpg\" class=\"attachment-medium_large size-medium_large wp-image-5733\" alt=\"Blaum Dettmers Rabstein Rechtsanw\u00e4lte Logo\" srcset=\"https:\/\/blaum.de\/wp-content\/uploads\/2023\/03\/blaum-rechtsanwelte-notare.jpg 768w, https:\/\/blaum.de\/wp-content\/uploads\/2023\/03\/blaum-rechtsanwelte-notare-300x204.jpg 300w, https:\/\/blaum.de\/wp-content\/uploads\/2023\/03\/blaum-rechtsanwelte-notare-18x12.jpg 18w\" sizes=\"(max-width: 768px) 100vw, 768px\" \/><\/div>\n\t\t<\/a>\n\t\t\t\t<div class=\"elementor-post__text\">\n\t\t\t\t<h3 class=\"elementor-post__title\">\n\t\t\t<a href=\"https:\/\/blaum.de\/en\/willkommen\/\" >\n\t\t\t\tTOP-KANZLEIEN B\u00dcNDELN IHRE KR\u00c4FTEKR\u00c4FTE\t\t\t<\/a>\n\t\t<\/h3>\n\t\t\t\t<div class=\"elementor-post__excerpt\">\n\t\t\t<p>Sch\u00fctte, Richter &#038; Partner mbB schlie\u00dft sich mit Blaum Dettmers Rabstein Rechts\u00adanwalts\u00adpartnerschaft mbB unter dem Dach von blaum zusammen. <\/p>\n\t\t<\/div>\n\t\t\t\t\t<div class=\"elementor-post__read-more-wrapper\">\n\t\t\n\t\t<a class=\"elementor-post__read-more\" href=\"https:\/\/blaum.de\/en\/willkommen\/\" aria-label=\"Read more about TOP-KANZLEIEN B\u00dcNDELN IHRE KR\u00c4FTEKR\u00c4FTE\" tabindex=\"-1\" >\n\t\t\t&gt; Mehr Erfahren\t\t<\/a>\n\n\t\t\t\t\t<\/div>\n\t\t\t\t<\/div>\n\t\t\t\t<\/article>\n\t\t\t\t<\/div>\n\t\t\n\t\t\t\t\t\t<\/div>\n\t\t\t\t<\/div>\n\t\t\t\t\t<\/div>\n\t\t<\/div>\n\t\t\t\t\t<\/div>\n\t\t<\/section>\n\t\t\t\t<\/div>","protected":false},"excerpt":{"rendered":"<p>News<\/p>","protected":false},"author":1,"featured_media":0,"parent":0,"menu_order":0,"comment_status":"closed","ping_status":"closed","template":"","meta":{"_acf_changed":false,"footnotes":""},"class_list":["post-6261","page","type-page","status-publish","hentry"],"acf":[],"yoast_head":"<!-- This site is optimized with the Yoast SEO plugin v27.4 - https:\/\/yoast.com\/product\/yoast-seo-wordpress\/ -->\n<title>AKTUELLES - blaum<\/title>\n<meta name=\"robots\" content=\"index, follow, max-snippet:-1, max-image-preview:large, max-video-preview:-1\" \/>\n<link rel=\"canonical\" href=\"https:\/\/blaum.de\/en\/aktuelles\/\" \/>\n<meta property=\"og:locale\" content=\"en_US\" \/>\n<meta property=\"og:type\" content=\"article\" \/>\n<meta property=\"og:title\" content=\"AKTUELLES - blaum\" \/>\n<meta property=\"og:description\" content=\"Aktuelles\" \/>\n<meta property=\"og:url\" content=\"https:\/\/blaum.de\/en\/aktuelles\/\" \/>\n<meta property=\"og:site_name\" content=\"blaum\" \/>\n<meta property=\"article:modified_time\" content=\"2024-03-14T08:31:07+00:00\" \/>\n<meta property=\"og:image\" content=\"https:\/\/blaum.de\/wp-content\/uploads\/2023\/03\/blaum-rechtsanwelte-notare.jpg\" \/>\n\t<meta property=\"og:image:width\" content=\"768\" \/>\n\t<meta property=\"og:image:height\" content=\"523\" \/>\n\t<meta property=\"og:image:type\" content=\"image\/jpeg\" \/>\n<meta name=\"twitter:card\" content=\"summary_large_image\" \/>\n<script type=\"application\/ld+json\" class=\"yoast-schema-graph\">{\"@context\":\"https:\\\/\\\/schema.org\",\"@graph\":[{\"@type\":\"WebPage\",\"@id\":\"https:\\\/\\\/blaum.de\\\/aktuelles\\\/\",\"url\":\"https:\\\/\\\/blaum.de\\\/aktuelles\\\/\",\"name\":\"AKTUELLES - blaum\",\"isPartOf\":{\"@id\":\"https:\\\/\\\/blaum.de\\\/#website\"},\"datePublished\":\"2023-03-27T14:12:15+00:00\",\"dateModified\":\"2024-03-14T08:31:07+00:00\",\"breadcrumb\":{\"@id\":\"https:\\\/\\\/blaum.de\\\/aktuelles\\\/#breadcrumb\"},\"inLanguage\":\"en-US\",\"potentialAction\":[{\"@type\":\"ReadAction\",\"target\":[\"https:\\\/\\\/blaum.de\\\/aktuelles\\\/\"]}]},{\"@type\":\"BreadcrumbList\",\"@id\":\"https:\\\/\\\/blaum.de\\\/aktuelles\\\/#breadcrumb\",\"itemListElement\":[{\"@type\":\"ListItem\",\"position\":1,\"name\":\"Startseite\",\"item\":\"https:\\\/\\\/blaum.de\\\/\"},{\"@type\":\"ListItem\",\"position\":2,\"name\":\"AKTUELLES\"}]},{\"@type\":\"WebSite\",\"@id\":\"https:\\\/\\\/blaum.de\\\/#website\",\"url\":\"https:\\\/\\\/blaum.de\\\/\",\"name\":\"blaum\",\"description\":\"Blaum Dettmers Rabstein Rechtsanwaltspartnerschaft mbB\",\"publisher\":{\"@id\":\"https:\\\/\\\/blaum.de\\\/#organization\"},\"potentialAction\":[{\"@type\":\"SearchAction\",\"target\":{\"@type\":\"EntryPoint\",\"urlTemplate\":\"https:\\\/\\\/blaum.de\\\/?s={search_term_string}\"},\"query-input\":{\"@type\":\"PropertyValueSpecification\",\"valueRequired\":true,\"valueName\":\"search_term_string\"}}],\"inLanguage\":\"en-US\"},{\"@type\":\"Organization\",\"@id\":\"https:\\\/\\\/blaum.de\\\/#organization\",\"name\":\"Blaum Dettmers Rabstein\",\"url\":\"https:\\\/\\\/blaum.de\\\/\",\"logo\":{\"@type\":\"ImageObject\",\"inLanguage\":\"en-US\",\"@id\":\"https:\\\/\\\/blaum.de\\\/#\\\/schema\\\/logo\\\/image\\\/\",\"url\":\"https:\\\/\\\/blaum.de\\\/wp-content\\\/uploads\\\/2021\\\/04\\\/logo-blaum-dettmers-rabstein.png\",\"contentUrl\":\"https:\\\/\\\/blaum.de\\\/wp-content\\\/uploads\\\/2021\\\/04\\\/logo-blaum-dettmers-rabstein.png\",\"width\":721,\"height\":236,\"caption\":\"Blaum Dettmers Rabstein\"},\"image\":{\"@id\":\"https:\\\/\\\/blaum.de\\\/#\\\/schema\\\/logo\\\/image\\\/\"},\"sameAs\":[\"https:\\\/\\\/www.xing.com\\\/pages\\\/blaumdettmersrabstein\",\"https:\\\/\\\/www.instagram.com\\\/blaumdettmersrabstein\\\/\",\"https:\\\/\\\/www.linkedin.com\\\/uas\\\/login?session_redirect=httpswww.linkedin.comcompany6786448adminfeedposts\"]}]}<\/script>\n<!-- \/ Yoast SEO plugin. -->","yoast_head_json":{"title":"AKTUELLES - blaum","robots":{"index":"index","follow":"follow","max-snippet":"max-snippet:-1","max-image-preview":"max-image-preview:large","max-video-preview":"max-video-preview:-1"},"canonical":"https:\/\/blaum.de\/en\/aktuelles\/","og_locale":"en_US","og_type":"article","og_title":"AKTUELLES - blaum","og_description":"Aktuelles","og_url":"https:\/\/blaum.de\/en\/aktuelles\/","og_site_name":"blaum","article_modified_time":"2024-03-14T08:31:07+00:00","og_image":[{"width":768,"height":523,"url":"https:\/\/blaum.de\/wp-content\/uploads\/2023\/03\/blaum-rechtsanwelte-notare.jpg","type":"image\/jpeg"}],"twitter_card":"summary_large_image","schema":{"@context":"https:\/\/schema.org","@graph":[{"@type":"WebPage","@id":"https:\/\/blaum.de\/aktuelles\/","url":"https:\/\/blaum.de\/aktuelles\/","name":"AKTUELLES - blaum","isPartOf":{"@id":"https:\/\/blaum.de\/#website"},"datePublished":"2023-03-27T14:12:15+00:00","dateModified":"2024-03-14T08:31:07+00:00","breadcrumb":{"@id":"https:\/\/blaum.de\/aktuelles\/#breadcrumb"},"inLanguage":"en-US","potentialAction":[{"@type":"ReadAction","target":["https:\/\/blaum.de\/aktuelles\/"]}]},{"@type":"BreadcrumbList","@id":"https:\/\/blaum.de\/aktuelles\/#breadcrumb","itemListElement":[{"@type":"ListItem","position":1,"name":"Startseite","item":"https:\/\/blaum.de\/"},{"@type":"ListItem","position":2,"name":"AKTUELLES"}]},{"@type":"WebSite","@id":"https:\/\/blaum.de\/#website","url":"https:\/\/blaum.de\/","name":"blaum","description":"Blaum Dettmers Rabstein Rechtsanwaltspartnerschaft mbB","publisher":{"@id":"https:\/\/blaum.de\/#organization"},"potentialAction":[{"@type":"SearchAction","target":{"@type":"EntryPoint","urlTemplate":"https:\/\/blaum.de\/?s={search_term_string}"},"query-input":{"@type":"PropertyValueSpecification","valueRequired":true,"valueName":"search_term_string"}}],"inLanguage":"en-US"},{"@type":"Organization","@id":"https:\/\/blaum.de\/#organization","name":"Blaum Dettmers Rabstein","url":"https:\/\/blaum.de\/","logo":{"@type":"ImageObject","inLanguage":"en-US","@id":"https:\/\/blaum.de\/#\/schema\/logo\/image\/","url":"https:\/\/blaum.de\/wp-content\/uploads\/2021\/04\/logo-blaum-dettmers-rabstein.png","contentUrl":"https:\/\/blaum.de\/wp-content\/uploads\/2021\/04\/logo-blaum-dettmers-rabstein.png","width":721,"height":236,"caption":"Blaum Dettmers Rabstein"},"image":{"@id":"https:\/\/blaum.de\/#\/schema\/logo\/image\/"},"sameAs":["https:\/\/www.xing.com\/pages\/blaumdettmersrabstein","https:\/\/www.instagram.com\/blaumdettmersrabstein\/","https:\/\/www.linkedin.com\/uas\/login?session_redirect=httpswww.linkedin.comcompany6786448adminfeedposts"]}]}},"_links":{"self":[{"href":"https:\/\/blaum.de\/en\/wp-json\/wp\/v2\/pages\/6261","targetHints":{"allow":["GET"]}}],"collection":[{"href":"https:\/\/blaum.de\/en\/wp-json\/wp\/v2\/pages"}],"about":[{"href":"https:\/\/blaum.de\/en\/wp-json\/wp\/v2\/types\/page"}],"author":[{"embeddable":true,"href":"https:\/\/blaum.de\/en\/wp-json\/wp\/v2\/users\/1"}],"replies":[{"embeddable":true,"href":"https:\/\/blaum.de\/en\/wp-json\/wp\/v2\/comments?post=6261"}],"version-history":[{"count":0,"href":"https:\/\/blaum.de\/en\/wp-json\/wp\/v2\/pages\/6261\/revisions"}],"wp:attachment":[{"href":"https:\/\/blaum.de\/en\/wp-json\/wp\/v2\/media?parent=6261"}],"curies":[{"name":"wp","href":"https:\/\/api.w.org\/{rel}","templated":true}]}}