{"id":1643,"date":"2021-05-02T18:53:42","date_gmt":"2021-05-02T16:53:42","guid":{"rendered":"http:\/\/blaum.orange-cube.de\/?page_id=1643"},"modified":"2024-11-19T14:55:35","modified_gmt":"2024-11-19T13:55:35","slug":"kontakt-muenchen","status":"publish","type":"page","link":"https:\/\/blaum.de\/en\/kontakt-muenchen\/","title":{"rendered":"Kontakt M\u00fcnchen"},"content":{"rendered":"<div data-elementor-type=\"wp-page\" data-elementor-id=\"1643\" class=\"elementor elementor-1643\" data-elementor-post-type=\"page\">\n\t\t\t\t\t\t<section class=\"elementor-section elementor-top-section elementor-element elementor-element-ed355cf elementor-section-boxed elementor-section-height-default elementor-section-height-default\" data-id=\"ed355cf\" data-element_type=\"section\" data-e-type=\"section\">\n\t\t\t\t\t\t<div class=\"elementor-container elementor-column-gap-default\">\n\t\t\t\t\t<div class=\"elementor-column elementor-col-100 elementor-top-column elementor-element elementor-element-c7f7571\" data-id=\"c7f7571\" data-element_type=\"column\" data-e-type=\"column\">\n\t\t\t<div class=\"elementor-widget-wrap elementor-element-populated\">\n\t\t\t\t\t\t<div class=\"elementor-element elementor-element-ef3f326 elementor-widget elementor-widget-image-carousel\" data-id=\"ef3f326\" data-element_type=\"widget\" data-e-type=\"widget\" data-settings=\"{&quot;slides_to_show&quot;:&quot;1&quot;,&quot;navigation&quot;:&quot;none&quot;,&quot;effect&quot;:&quot;fade&quot;,&quot;speed&quot;:1300,&quot;autoplay_speed&quot;:4000,&quot;autoplay&quot;:&quot;yes&quot;,&quot;pause_on_hover&quot;:&quot;yes&quot;,&quot;pause_on_interaction&quot;:&quot;yes&quot;,&quot;infinite&quot;:&quot;yes&quot;}\" data-widget_type=\"image-carousel.default\">\n\t\t\t\t\t\t\t<div class=\"elementor-image-carousel-wrapper swiper\" role=\"region\" aria-roledescription=\"carousel\" aria-label=\"Bild Karussell\" dir=\"ltr\">\n\t\t\t<div class=\"elementor-image-carousel swiper-wrapper swiper-image-stretch\" aria-live=\"off\">\n\t\t\t\t\t\t\t\t<div class=\"swiper-slide\" role=\"group\" aria-roledescription=\"slide\" aria-label=\"1 von 1\"><figure class=\"swiper-slide-inner\"><img decoding=\"async\" class=\"swiper-slide-image\" src=\"https:\/\/blaum.de\/wp-content\/uploads\/2021\/05\/resources_Server_2020_Blaum-693280510.jpg\" alt=\"Blaum Dettmers Rabstein\" \/><\/figure><\/div>\t\t\t<\/div>\n\t\t\t\t\t<\/div>\n\t\t\t\t\t\t<\/div>\n\t\t\t\t\t<\/div>\n\t\t<\/div>\n\t\t\t\t\t<\/div>\n\t\t<\/section>\n\t\t\t\t<section class=\"elementor-section elementor-top-section elementor-element elementor-element-3dc7ceac elementor-section-boxed elementor-section-height-default elementor-section-height-default\" data-id=\"3dc7ceac\" data-element_type=\"section\" data-e-type=\"section\" id=\"info\">\n\t\t\t\t\t\t<div class=\"elementor-container elementor-column-gap-default\">\n\t\t\t\t\t<div class=\"elementor-column elementor-col-100 elementor-top-column elementor-element elementor-element-733b1ee6\" data-id=\"733b1ee6\" data-element_type=\"column\" data-e-type=\"column\">\n\t\t\t<div class=\"elementor-widget-wrap elementor-element-populated\">\n\t\t\t\t\t\t<div class=\"elementor-element elementor-element-39319c11 elementor-widget elementor-widget-heading\" data-id=\"39319c11\" data-element_type=\"widget\" data-e-type=\"widget\" data-widget_type=\"heading.default\">\n\t\t\t\t\t<h1 class=\"elementor-heading-title elementor-size-default\">Blaum Dettmers Rabstein Munich<\/h1>\t\t\t\t<\/div>\n\t\t\t\t<div class=\"elementor-element elementor-element-2dc3733f elementor-widget elementor-widget-text-editor\" data-id=\"2dc3733f\" data-element_type=\"widget\" data-e-type=\"widget\" data-widget_type=\"text-editor.default\">\n\t\t\t\t\t\t\t\t\t<div class=\"onairAdminLayoutNode onairLayoutNode left layout_col2_11\" data-onairnodeproperties=\"{\"><div class=\"onairAdminLayoutNode onairLayoutNode Potiscom_Cms_Element_Html\" data-onairnodeproperties=\"{\"><div class=\"onairAdminLayoutNode onairLayoutNode elementStyle-framewhite layout_col1\" data-onairnodeproperties=\"{\"><div class=\"onairAdminLayoutNode onairLayoutNode style_margin_bottom_20 Potiscom_Cms_Element_Html\" data-onairnodeproperties=\"{\"><div id=\"servicesrahmen\"><div id=\"no_ul\"><div id=\"Recht der Architekten und der Sonderfachleute\" class=\"onairAdminLayoutNode onairLayoutNode style_margin_top_50 Potiscom_Cms_Element_Html\" data-onairnodeproperties=\"{\"><div class=\"onairAdminLayoutNode onairLayoutNode style_margin_bottom_20 style_margin_top_40 Potiscom_Cms_Element_Html\" data-onairnodeproperties=\"{\"><div class=\"onairAdminLayoutNode onairLayoutNode style_margin_bottom_30 layout_col2_1\" data-onairnodeproperties=\"{\"><div class=\"onairAdminLayoutNode onairLayoutNode left layout_col2_11\" data-onairnodeproperties=\"{\"><div class=\"onairAdminLayoutNode onairLayoutNode Potiscom_Cms_Element_Html\" data-onairnodeproperties=\"{\"><div class=\"onairAdminLayoutNode onairLayoutNode left layout_col2_11\" data-onairnodeproperties=\"{\"><div class=\"onairAdminLayoutNode onairLayoutNode Potiscom_Cms_Element_Html\" data-onairnodeproperties=\"{\"><div id=\"rechtsanw\u00e4lte\" class=\"onairAdminLayoutNode onairLayoutNode elementStyle-framewhite style_margin_bottom_25 layout_col1\" data-onairnodeproperties=\"{\"><div class=\"onairAdminLayoutNode onairLayoutNode style_margin_bottom_10 style_padding_bottom_25 layout_col2_1\" data-onairnodeproperties=\"{\"><div class=\"onairAdminLayoutNode onairLayoutNode left layout_col2_11\" data-onairnodeproperties=\"{\"><div class=\"onairAdminLayoutNode onairLayoutNode Potiscom_Cms_Element_Html\" data-onairnodeproperties=\"{\"><div class=\"onairAdminLayoutNode onairLayoutNode left layout_col2_11\" data-onairnodeproperties=\"{&quot;nodeId&quot;:&quot;4794&quot;}\"><div class=\"onairAdminLayoutNode onairLayoutNode Potiscom_Cms_Element_Html\" data-onairnodeproperties=\"{&quot;nodeId&quot;:&quot;4795&quot;}\"><p>Blaum Dettmers Rabstein is a law firm focusing on economic law, which has offices in Bremen, Hamburg and Munich. At our Munich office, our specialist lawyers will provide you with support in all areas of economic law, from commercial law, business organisation law, maritime and transport law, right through to employment law.<\/p><\/div><\/div><\/div><\/div><\/div><\/div><\/div><\/div><\/div><\/div><\/div><\/div><\/div><\/div><\/div><\/div><\/div><\/div><\/div>\t\t\t\t\t\t\t\t<\/div>\n\t\t\t\t\t<\/div>\n\t\t<\/div>\n\t\t\t\t\t<\/div>\n\t\t<\/section>\n\t\t\t\t<section class=\"elementor-section elementor-top-section elementor-element elementor-element-783fb2a8 elementor-section-boxed elementor-section-height-default elementor-section-height-default\" data-id=\"783fb2a8\" data-element_type=\"section\" data-e-type=\"section\" data-settings=\"{&quot;background_background&quot;:&quot;classic&quot;}\">\n\t\t\t\t\t\t<div class=\"elementor-container elementor-column-gap-default\">\n\t\t\t\t\t<div class=\"elementor-column elementor-col-100 elementor-top-column elementor-element elementor-element-704367e7\" data-id=\"704367e7\" data-element_type=\"column\" data-e-type=\"column\">\n\t\t\t<div class=\"elementor-widget-wrap elementor-element-populated\">\n\t\t\t\t\t\t<section class=\"elementor-section elementor-inner-section elementor-element elementor-element-29ed4f98 elementor-section-boxed elementor-section-height-default elementor-section-height-default\" data-id=\"29ed4f98\" data-element_type=\"section\" data-e-type=\"section\">\n\t\t\t\t\t\t<div class=\"elementor-container elementor-column-gap-default\">\n\t\t\t\t\t<div class=\"elementor-column elementor-col-50 elementor-inner-column elementor-element elementor-element-51df43e6\" data-id=\"51df43e6\" data-element_type=\"column\" data-e-type=\"column\">\n\t\t\t<div class=\"elementor-widget-wrap elementor-element-populated\">\n\t\t\t\t\t\t<div class=\"elementor-element elementor-element-3812d270 elementor-widget elementor-widget-heading\" data-id=\"3812d270\" data-element_type=\"widget\" data-e-type=\"widget\" data-widget_type=\"heading.default\">\n\t\t\t\t\t<h2 class=\"elementor-heading-title elementor-size-default\">Standort M\u00fcnchen<\/h2>\t\t\t\t<\/div>\n\t\t\t\t<div class=\"elementor-element elementor-element-445b25d6 elementor-widget elementor-widget-text-editor\" data-id=\"445b25d6\" data-element_type=\"widget\" data-e-type=\"widget\" data-widget_type=\"text-editor.default\">\n\t\t\t\t\t\t\t\t\t<p>Tengstra\u00dfe 27<br \/>80798 M\u00fcnchen<\/p><p>Telephone: +49 89 95 45 37 13 0<br \/>Telefax: +49 89 95 45 37 13 1<\/p><p>E-Mail: <a href=\"mailto:muenchen@blaum.de\" target=\"_blank\" rel=\"noopener\">muenchen@blaum.de<\/a><\/p><p><strong>Public Transport:<\/strong><br \/>Nutzen Sie gerne alle S-Bahnen, die U-Bahnen 2 und 8, bis Hohenzollernplatz<\/p><p>Tram 12 und \u00a027 bis\u00a0<span style=\"word-spacing: 1.6px; font-size: var( --e-global-typography-text-font-size );\">bis Hohenzollernplatz<\/span><\/p><p><strong>Car:<br \/><\/strong>Parkpl\u00e4tze \/ Infos folgen<\/p>\t\t\t\t\t\t\t\t<\/div>\n\t\t\t\t\t<\/div>\n\t\t<\/div>\n\t\t\t\t<div class=\"elementor-column elementor-col-50 elementor-inner-column elementor-element elementor-element-19bf9a37\" data-id=\"19bf9a37\" data-element_type=\"column\" data-e-type=\"column\">\n\t\t\t<div class=\"elementor-widget-wrap elementor-element-populated\">\n\t\t\t\t\t\t<div class=\"elementor-element elementor-element-5773bf51 elementor-widget elementor-widget-image\" data-id=\"5773bf51\" data-element_type=\"widget\" data-e-type=\"widget\" data-widget_type=\"image.default\">\n\t\t\t\t\t\t\t\t\t\t\t\t\t\t\t<img fetchpriority=\"high\" decoding=\"async\" width=\"920\" height=\"459\" src=\"https:\/\/blaum.de\/wp-content\/uploads\/2022\/09\/resources_Server_karten_blaum-streetmap-muenchen.jpg\" class=\"attachment-full size-full wp-image-3298\" alt=\"Rechtsanwalts-Kanzlei blaum in M\u00fcnchen Karte\" srcset=\"https:\/\/blaum.de\/wp-content\/uploads\/2022\/09\/resources_Server_karten_blaum-streetmap-muenchen.jpg 920w, https:\/\/blaum.de\/wp-content\/uploads\/2022\/09\/resources_Server_karten_blaum-streetmap-muenchen-300x150.jpg 300w, https:\/\/blaum.de\/wp-content\/uploads\/2022\/09\/resources_Server_karten_blaum-streetmap-muenchen-768x383.jpg 768w, https:\/\/blaum.de\/wp-content\/uploads\/2022\/09\/resources_Server_karten_blaum-streetmap-muenchen-18x9.jpg 18w\" sizes=\"(max-width: 920px) 100vw, 920px\" \/>\t\t\t\t\t\t\t\t\t\t\t\t\t\t\t<\/div>\n\t\t\t\t<div class=\"elementor-element elementor-element-21465a6 elementor-align-left elementor-widget elementor-widget-button\" data-id=\"21465a6\" data-element_type=\"widget\" data-e-type=\"widget\" data-widget_type=\"button.default\">\n\t\t\t\t\t\t\t\t\t\t<a class=\"elementor-button elementor-button-link elementor-size-xs\" href=\"https:\/\/www.google.com\/maps\/place\/Tengstra\u00dfe+27,+80798+M\u00fcnchen\/@48.1583037,11.5660849,17z\/data=!3m1!4b1!4m6!3m5!1s0x479e75dce0c71fb7:0xb7e9adae44ead85b!8m2!3d48.1583037!4d11.5686652!16s%2Fg%2F11bw4j0724?entry=ttu\" target=\"_blank\">\n\t\t\t\t\t\t<span class=\"elementor-button-content-wrapper\">\n\t\t\t\t\t\t<span class=\"elementor-button-icon\">\n\t\t\t\t<svg aria-hidden=\"true\" class=\"e-font-icon-svg e-fas-caret-right\" viewbox=\"0 0 192 512\" xmlns=\"http:\/\/www.w3.org\/2000\/svg\"><path d=\"M0 384.662V127.338c0-17.818 21.543-26.741 34.142-14.142l128.662 128.662c7.81 7.81 7.81 20.474 0 28.284L34.142 398.804C21.543 411.404 0 402.48 0 384.662z\"><\/path><\/svg>\t\t\t<\/span>\n\t\t\t\t\t\t\t\t\t<span class=\"elementor-button-text\">Google Navigation<\/span>\n\t\t\t\t\t<\/span>\n\t\t\t\t\t<\/a>\n\t\t\t\t\t\t\t\t<\/div>\n\t\t\t\t\t<\/div>\n\t\t<\/div>\n\t\t\t\t\t<\/div>\n\t\t<\/section>\n\t\t\t\t\t<\/div>\n\t\t<\/div>\n\t\t\t\t\t<\/div>\n\t\t<\/section>\n\t\t\t\t<section class=\"elementor-section elementor-top-section elementor-element elementor-element-1b6e6ade elementor-section-content-middle elementor-section-stretched elementor-section-boxed elementor-section-height-default elementor-section-height-default\" data-id=\"1b6e6ade\" data-element_type=\"section\" data-e-type=\"section\" id=\"postgrid\" data-settings=\"{&quot;background_background&quot;:&quot;classic&quot;,&quot;stretch_section&quot;:&quot;section-stretched&quot;}\">\n\t\t\t\t\t\t<div class=\"elementor-container elementor-column-gap-no\">\n\t\t\t\t\t<div class=\"elementor-column elementor-col-100 elementor-top-column elementor-element elementor-element-385224c6\" data-id=\"385224c6\" data-element_type=\"column\" data-e-type=\"column\" data-settings=\"{&quot;background_background&quot;:&quot;classic&quot;}\">\n\t\t\t<div class=\"elementor-widget-wrap elementor-element-populated\">\n\t\t\t\t\t<div class=\"elementor-background-overlay\"><\/div>\n\t\t\t\t\t\t<div class=\"elementor-element elementor-element-11347574 animated-slow elementor-grid-5 elementor-posts--align-left elementor-posts__hover-none elementor-grid-tablet-2 elementor-grid-mobile-1 elementor-posts--thumbnail-top elementor-invisible elementor-widget elementor-widget-posts\" data-id=\"11347574\" data-element_type=\"widget\" data-e-type=\"widget\" data-settings=\"{&quot;_animation&quot;:&quot;fadeIn&quot;,&quot;pagination_type&quot;:&quot;numbers&quot;,&quot;cards_columns&quot;:&quot;5&quot;,&quot;cards_row_gap&quot;:{&quot;unit&quot;:&quot;px&quot;,&quot;size&quot;:28,&quot;sizes&quot;:[]},&quot;cards_columns_tablet&quot;:&quot;2&quot;,&quot;cards_columns_mobile&quot;:&quot;1&quot;,&quot;cards_row_gap_tablet&quot;:{&quot;unit&quot;:&quot;px&quot;,&quot;size&quot;:&quot;&quot;,&quot;sizes&quot;:[]},&quot;cards_row_gap_mobile&quot;:{&quot;unit&quot;:&quot;px&quot;,&quot;size&quot;:&quot;&quot;,&quot;sizes&quot;:[]}}\" data-widget_type=\"posts.cards\">\n\t\t\t\t<div class=\"elementor-widget-container\">\n\t\t\t\t\t\t\t<div class=\"elementor-posts-container elementor-posts elementor-posts--skin-cards elementor-grid\" role=\"list\">\n\t\t\t\t<article class=\"elementor-post elementor-grid-item post-1308 anwlte type-anwlte status-publish format-standard has-post-thumbnail hentry category-arbeitsrecht category-muenchen category-seehandels-transportrecht\" role=\"listitem\">\n\t\t\t<div class=\"elementor-post__card\">\n\t\t\t\t<a class=\"elementor-post__thumbnail__link\" href=\"https:\/\/blaum.de\/en\/Anw\u00e4lte\/dr-martin-miebach\/\" tabindex=\"-1\" ><div class=\"elementor-post__thumbnail\"><img decoding=\"async\" width=\"800\" height=\"454\" src=\"https:\/\/blaum.de\/wp-content\/uploads\/2021\/04\/resources_Server_P-neu_Martin_Miebach.jpg\" class=\"attachment-large size-large wp-image-1309\" alt=\"Rechtsanwalt, Fachanwalt f\u00fcr Arbeitsrecht DR. MARTIN MIEBACH\" srcset=\"https:\/\/blaum.de\/wp-content\/uploads\/2021\/04\/resources_Server_P-neu_Martin_Miebach.jpg 920w, https:\/\/blaum.de\/wp-content\/uploads\/2021\/04\/resources_Server_P-neu_Martin_Miebach-300x170.jpg 300w, https:\/\/blaum.de\/wp-content\/uploads\/2021\/04\/resources_Server_P-neu_Martin_Miebach-768x436.jpg 768w\" sizes=\"(max-width: 800px) 100vw, 800px\" \/><\/div><\/a>\n\t\t\t\t<div class=\"elementor-post__text\">\n\t\t\t\t<h3 class=\"elementor-post__title\">\n\t\t\t<a href=\"https:\/\/blaum.de\/en\/Anw\u00e4lte\/dr-martin-miebach\/\" >\n\t\t\t\tDr. Martin Miebach\t\t\t<\/a>\n\t\t<\/h3>\n\t\t\t\t<div class=\"elementor-post__excerpt\">\n\t\t\t<p>Lawyer, certified specialist lawyer in labour law<\/p>\n\t\t<\/div>\n\t\t\t\t<\/div>\n\t\t\t\t\t<\/div>\n\t\t<\/article>\n\t\t\t\t<article class=\"elementor-post elementor-grid-item post-1278 anwlte type-anwlte status-publish format-standard has-post-thumbnail hentry category-muenchen category-seehandels-transportrecht\" role=\"listitem\">\n\t\t\t<div class=\"elementor-post__card\">\n\t\t\t\t<a class=\"elementor-post__thumbnail__link\" href=\"https:\/\/blaum.de\/en\/Anw\u00e4lte\/dr-michael-zapp\/\" tabindex=\"-1\" ><div class=\"elementor-post__thumbnail\"><img decoding=\"async\" width=\"800\" height=\"454\" src=\"https:\/\/blaum.de\/wp-content\/uploads\/2021\/04\/resources_Server_P-neu_Michael_Zapp.jpg\" class=\"attachment-large size-large wp-image-1279\" alt=\"Rechtsanwalt, Fachanwalt f\u00fcr Transport- und Speditionsrecht DR. MICHAEL ZAPP\" srcset=\"https:\/\/blaum.de\/wp-content\/uploads\/2021\/04\/resources_Server_P-neu_Michael_Zapp.jpg 920w, https:\/\/blaum.de\/wp-content\/uploads\/2021\/04\/resources_Server_P-neu_Michael_Zapp-300x170.jpg 300w, https:\/\/blaum.de\/wp-content\/uploads\/2021\/04\/resources_Server_P-neu_Michael_Zapp-768x436.jpg 768w\" sizes=\"(max-width: 800px) 100vw, 800px\" \/><\/div><\/a>\n\t\t\t\t<div class=\"elementor-post__text\">\n\t\t\t\t<h3 class=\"elementor-post__title\">\n\t\t\t<a href=\"https:\/\/blaum.de\/en\/Anw\u00e4lte\/dr-michael-zapp\/\" >\n\t\t\t\tDr. Michael Zapp\t\t\t<\/a>\n\t\t<\/h3>\n\t\t\t\t<div class=\"elementor-post__excerpt\">\n\t\t\t<p>Lawyer, certified specialist lawyer in transport and forwarding law<\/p>\n\t\t<\/div>\n\t\t\t\t<\/div>\n\t\t\t\t\t<\/div>\n\t\t<\/article>\n\t\t\t\t<\/div>\n\t\t\n\t\t\t\t\t\t<\/div>\n\t\t\t\t<\/div>\n\t\t\t\t\t<\/div>\n\t\t<\/div>\n\t\t\t\t\t<\/div>\n\t\t<\/section>\n\t\t\t\t<\/div>","protected":false},"excerpt":{"rendered":"<p>Blaum Dettmers Rabstein M\u00fcnchen Wir sind eine wirtschaftsrechtlich ausgerichtete Rechtsanwaltskanzlei mit Standorten in Bemen, Hamburg und M\u00fcnchen.\u00a0An unserem Sitz in M\u00fcnchen unterst\u00fctzen Sie unsere spezialisierten Rechtsanw\u00e4lte im Handelsrecht, Seehandels- und Transportrecht im Arbeitsrecht und im allgemeinen Wirtschaftsrecht. Standort M\u00fcnchen Tengstra\u00dfe 2780798 M\u00fcnchen Telefon: +49 89 95 45 37 13 0Telefax: +49 89 95 45 37 [&hellip;]<\/p>\n","protected":false},"author":1,"featured_media":0,"parent":0,"menu_order":0,"comment_status":"closed","ping_status":"closed","template":"","meta":{"_acf_changed":false,"footnotes":""},"class_list":["post-1643","page","type-page","status-publish","hentry"],"acf":[],"yoast_head":"<!-- This site is optimized with the Yoast SEO plugin v27.3 - https:\/\/yoast.com\/product\/yoast-seo-wordpress\/ -->\n<title>Kontakt M\u00fcnchen - blaum<\/title>\n<meta name=\"robots\" content=\"index, follow, max-snippet:-1, max-image-preview:large, max-video-preview:-1\" \/>\n<link rel=\"canonical\" href=\"https:\/\/blaum.de\/en\/kontakt-muenchen\/\" \/>\n<meta property=\"og:locale\" content=\"en_US\" \/>\n<meta property=\"og:type\" content=\"article\" \/>\n<meta property=\"og:title\" content=\"Kontakt M\u00fcnchen - blaum\" \/>\n<meta property=\"og:description\" content=\"Blaum Dettmers Rabstein M\u00fcnchen Wir sind eine wirtschaftsrechtlich ausgerichtete Rechtsanwaltskanzlei mit Standorten in Bemen, Hamburg und M\u00fcnchen.\u00a0An unserem Sitz in M\u00fcnchen unterst\u00fctzen Sie unsere spezialisierten Rechtsanw\u00e4lte im Handelsrecht, Seehandels- und Transportrecht im Arbeitsrecht und im allgemeinen Wirtschaftsrecht. Standort M\u00fcnchen Tengstra\u00dfe 2780798 M\u00fcnchen Telefon: +49 89 95 45 37 13 0Telefax: +49 89 95 45 37 [&hellip;]\" \/>\n<meta property=\"og:url\" content=\"https:\/\/blaum.de\/en\/kontakt-muenchen\/\" \/>\n<meta property=\"og:site_name\" content=\"blaum\" \/>\n<meta property=\"article:modified_time\" content=\"2024-11-19T13:55:35+00:00\" \/>\n<meta property=\"og:image\" content=\"https:\/\/blaum.de\/wp-content\/uploads\/2021\/05\/resources_Server_2020_Blaum-693280510.jpg\" \/>\n<meta name=\"twitter:card\" content=\"summary_large_image\" \/>\n<script type=\"application\/ld+json\" class=\"yoast-schema-graph\">{\"@context\":\"https:\\\/\\\/schema.org\",\"@graph\":[{\"@type\":\"WebPage\",\"@id\":\"https:\\\/\\\/blaum.de\\\/kontakt-muenchen\\\/\",\"url\":\"https:\\\/\\\/blaum.de\\\/kontakt-muenchen\\\/\",\"name\":\"Kontakt M\u00fcnchen - blaum\",\"isPartOf\":{\"@id\":\"https:\\\/\\\/blaum.de\\\/#website\"},\"primaryImageOfPage\":{\"@id\":\"https:\\\/\\\/blaum.de\\\/kontakt-muenchen\\\/#primaryimage\"},\"image\":{\"@id\":\"https:\\\/\\\/blaum.de\\\/kontakt-muenchen\\\/#primaryimage\"},\"thumbnailUrl\":\"https:\\\/\\\/blaum.de\\\/wp-content\\\/uploads\\\/2021\\\/05\\\/resources_Server_2020_Blaum-693280510.jpg\",\"datePublished\":\"2021-05-02T16:53:42+00:00\",\"dateModified\":\"2024-11-19T13:55:35+00:00\",\"breadcrumb\":{\"@id\":\"https:\\\/\\\/blaum.de\\\/kontakt-muenchen\\\/#breadcrumb\"},\"inLanguage\":\"en-US\",\"potentialAction\":[{\"@type\":\"ReadAction\",\"target\":[\"https:\\\/\\\/blaum.de\\\/kontakt-muenchen\\\/\"]}]},{\"@type\":\"ImageObject\",\"inLanguage\":\"en-US\",\"@id\":\"https:\\\/\\\/blaum.de\\\/kontakt-muenchen\\\/#primaryimage\",\"url\":\"https:\\\/\\\/blaum.de\\\/wp-content\\\/uploads\\\/2021\\\/05\\\/resources_Server_2020_Blaum-693280510.jpg\",\"contentUrl\":\"https:\\\/\\\/blaum.de\\\/wp-content\\\/uploads\\\/2021\\\/05\\\/resources_Server_2020_Blaum-693280510.jpg\"},{\"@type\":\"BreadcrumbList\",\"@id\":\"https:\\\/\\\/blaum.de\\\/kontakt-muenchen\\\/#breadcrumb\",\"itemListElement\":[{\"@type\":\"ListItem\",\"position\":1,\"name\":\"Startseite\",\"item\":\"https:\\\/\\\/blaum.de\\\/\"},{\"@type\":\"ListItem\",\"position\":2,\"name\":\"Kontakt M\u00fcnchen\"}]},{\"@type\":\"WebSite\",\"@id\":\"https:\\\/\\\/blaum.de\\\/#website\",\"url\":\"https:\\\/\\\/blaum.de\\\/\",\"name\":\"blaum\",\"description\":\"Blaum Dettmers Rabstein Rechtsanwaltspartnerschaft mbB\",\"publisher\":{\"@id\":\"https:\\\/\\\/blaum.de\\\/#organization\"},\"potentialAction\":[{\"@type\":\"SearchAction\",\"target\":{\"@type\":\"EntryPoint\",\"urlTemplate\":\"https:\\\/\\\/blaum.de\\\/?s={search_term_string}\"},\"query-input\":{\"@type\":\"PropertyValueSpecification\",\"valueRequired\":true,\"valueName\":\"search_term_string\"}}],\"inLanguage\":\"en-US\"},{\"@type\":\"Organization\",\"@id\":\"https:\\\/\\\/blaum.de\\\/#organization\",\"name\":\"Blaum Dettmers Rabstein\",\"url\":\"https:\\\/\\\/blaum.de\\\/\",\"logo\":{\"@type\":\"ImageObject\",\"inLanguage\":\"en-US\",\"@id\":\"https:\\\/\\\/blaum.de\\\/#\\\/schema\\\/logo\\\/image\\\/\",\"url\":\"https:\\\/\\\/blaum.de\\\/wp-content\\\/uploads\\\/2021\\\/04\\\/logo-blaum-dettmers-rabstein.png\",\"contentUrl\":\"https:\\\/\\\/blaum.de\\\/wp-content\\\/uploads\\\/2021\\\/04\\\/logo-blaum-dettmers-rabstein.png\",\"width\":721,\"height\":236,\"caption\":\"Blaum Dettmers Rabstein\"},\"image\":{\"@id\":\"https:\\\/\\\/blaum.de\\\/#\\\/schema\\\/logo\\\/image\\\/\"},\"sameAs\":[\"https:\\\/\\\/www.xing.com\\\/pages\\\/blaumdettmersrabstein\",\"https:\\\/\\\/www.instagram.com\\\/blaumdettmersrabstein\\\/\",\"https:\\\/\\\/www.linkedin.com\\\/uas\\\/login?session_redirect=httpswww.linkedin.comcompany6786448adminfeedposts\"]}]}<\/script>\n<!-- \/ Yoast SEO plugin. -->","yoast_head_json":{"title":"Kontakt M\u00fcnchen - blaum","robots":{"index":"index","follow":"follow","max-snippet":"max-snippet:-1","max-image-preview":"max-image-preview:large","max-video-preview":"max-video-preview:-1"},"canonical":"https:\/\/blaum.de\/en\/kontakt-muenchen\/","og_locale":"en_US","og_type":"article","og_title":"Kontakt M\u00fcnchen - blaum","og_description":"Blaum Dettmers Rabstein M\u00fcnchen Wir sind eine wirtschaftsrechtlich ausgerichtete Rechtsanwaltskanzlei mit Standorten in Bemen, Hamburg und M\u00fcnchen.\u00a0An unserem Sitz in M\u00fcnchen unterst\u00fctzen Sie unsere spezialisierten Rechtsanw\u00e4lte im Handelsrecht, Seehandels- und Transportrecht im Arbeitsrecht und im allgemeinen Wirtschaftsrecht. Standort M\u00fcnchen Tengstra\u00dfe 2780798 M\u00fcnchen Telefon: +49 89 95 45 37 13 0Telefax: +49 89 95 45 37 [&hellip;]","og_url":"https:\/\/blaum.de\/en\/kontakt-muenchen\/","og_site_name":"blaum","article_modified_time":"2024-11-19T13:55:35+00:00","og_image":[{"url":"https:\/\/blaum.de\/wp-content\/uploads\/2021\/05\/resources_Server_2020_Blaum-693280510.jpg","type":"","width":"","height":""}],"twitter_card":"summary_large_image","schema":{"@context":"https:\/\/schema.org","@graph":[{"@type":"WebPage","@id":"https:\/\/blaum.de\/kontakt-muenchen\/","url":"https:\/\/blaum.de\/kontakt-muenchen\/","name":"Kontakt M\u00fcnchen - blaum","isPartOf":{"@id":"https:\/\/blaum.de\/#website"},"primaryImageOfPage":{"@id":"https:\/\/blaum.de\/kontakt-muenchen\/#primaryimage"},"image":{"@id":"https:\/\/blaum.de\/kontakt-muenchen\/#primaryimage"},"thumbnailUrl":"https:\/\/blaum.de\/wp-content\/uploads\/2021\/05\/resources_Server_2020_Blaum-693280510.jpg","datePublished":"2021-05-02T16:53:42+00:00","dateModified":"2024-11-19T13:55:35+00:00","breadcrumb":{"@id":"https:\/\/blaum.de\/kontakt-muenchen\/#breadcrumb"},"inLanguage":"en-US","potentialAction":[{"@type":"ReadAction","target":["https:\/\/blaum.de\/kontakt-muenchen\/"]}]},{"@type":"ImageObject","inLanguage":"en-US","@id":"https:\/\/blaum.de\/kontakt-muenchen\/#primaryimage","url":"https:\/\/blaum.de\/wp-content\/uploads\/2021\/05\/resources_Server_2020_Blaum-693280510.jpg","contentUrl":"https:\/\/blaum.de\/wp-content\/uploads\/2021\/05\/resources_Server_2020_Blaum-693280510.jpg"},{"@type":"BreadcrumbList","@id":"https:\/\/blaum.de\/kontakt-muenchen\/#breadcrumb","itemListElement":[{"@type":"ListItem","position":1,"name":"Startseite","item":"https:\/\/blaum.de\/"},{"@type":"ListItem","position":2,"name":"Kontakt M\u00fcnchen"}]},{"@type":"WebSite","@id":"https:\/\/blaum.de\/#website","url":"https:\/\/blaum.de\/","name":"blaum","description":"Blaum Dettmers Rabstein Rechtsanwaltspartnerschaft mbB","publisher":{"@id":"https:\/\/blaum.de\/#organization"},"potentialAction":[{"@type":"SearchAction","target":{"@type":"EntryPoint","urlTemplate":"https:\/\/blaum.de\/?s={search_term_string}"},"query-input":{"@type":"PropertyValueSpecification","valueRequired":true,"valueName":"search_term_string"}}],"inLanguage":"en-US"},{"@type":"Organization","@id":"https:\/\/blaum.de\/#organization","name":"Blaum Dettmers Rabstein","url":"https:\/\/blaum.de\/","logo":{"@type":"ImageObject","inLanguage":"en-US","@id":"https:\/\/blaum.de\/#\/schema\/logo\/image\/","url":"https:\/\/blaum.de\/wp-content\/uploads\/2021\/04\/logo-blaum-dettmers-rabstein.png","contentUrl":"https:\/\/blaum.de\/wp-content\/uploads\/2021\/04\/logo-blaum-dettmers-rabstein.png","width":721,"height":236,"caption":"Blaum Dettmers Rabstein"},"image":{"@id":"https:\/\/blaum.de\/#\/schema\/logo\/image\/"},"sameAs":["https:\/\/www.xing.com\/pages\/blaumdettmersrabstein","https:\/\/www.instagram.com\/blaumdettmersrabstein\/","https:\/\/www.linkedin.com\/uas\/login?session_redirect=httpswww.linkedin.comcompany6786448adminfeedposts"]}]}},"_links":{"self":[{"href":"https:\/\/blaum.de\/en\/wp-json\/wp\/v2\/pages\/1643","targetHints":{"allow":["GET"]}}],"collection":[{"href":"https:\/\/blaum.de\/en\/wp-json\/wp\/v2\/pages"}],"about":[{"href":"https:\/\/blaum.de\/en\/wp-json\/wp\/v2\/types\/page"}],"author":[{"embeddable":true,"href":"https:\/\/blaum.de\/en\/wp-json\/wp\/v2\/users\/1"}],"replies":[{"embeddable":true,"href":"https:\/\/blaum.de\/en\/wp-json\/wp\/v2\/comments?post=1643"}],"version-history":[{"count":3,"href":"https:\/\/blaum.de\/en\/wp-json\/wp\/v2\/pages\/1643\/revisions"}],"predecessor-version":[{"id":7627,"href":"https:\/\/blaum.de\/en\/wp-json\/wp\/v2\/pages\/1643\/revisions\/7627"}],"wp:attachment":[{"href":"https:\/\/blaum.de\/en\/wp-json\/wp\/v2\/media?parent=1643"}],"curies":[{"name":"wp","href":"https:\/\/api.w.org\/{rel}","templated":true}]}}