{"id":1486,"date":"2021-05-02T16:58:05","date_gmt":"2021-05-02T14:58:05","guid":{"rendered":"http:\/\/blaum.orange-cube.de\/?page_id=1486"},"modified":"2023-03-28T08:22:22","modified_gmt":"2023-03-28T06:22:22","slug":"anwaelte-muenchen","status":"publish","type":"page","link":"https:\/\/blaum.de\/en\/anwaelte-muenchen\/","title":{"rendered":"LAWYERS Munich"},"content":{"rendered":"<div data-elementor-type=\"wp-page\" data-elementor-id=\"1486\" class=\"elementor elementor-1486\" data-elementor-post-type=\"page\">\n\t\t\t\t\t\t<section class=\"elementor-section elementor-top-section elementor-element elementor-element-62fa4902 elementor-section-boxed elementor-section-height-default elementor-section-height-default\" data-id=\"62fa4902\" data-element_type=\"section\" data-e-type=\"section\">\n\t\t\t\t\t\t<div class=\"elementor-container elementor-column-gap-default\">\n\t\t\t\t\t<div class=\"elementor-column elementor-col-100 elementor-top-column elementor-element elementor-element-3d6f8de8\" data-id=\"3d6f8de8\" data-element_type=\"column\" data-e-type=\"column\">\n\t\t\t<div class=\"elementor-widget-wrap elementor-element-populated\">\n\t\t\t\t\t\t<div class=\"elementor-element elementor-element-c6b36b1 elementor-widget elementor-widget-image\" data-id=\"c6b36b1\" data-element_type=\"widget\" data-e-type=\"widget\" data-widget_type=\"image.default\">\n\t\t\t\t\t\t\t\t\t\t\t\t\t\t\t<img fetchpriority=\"high\" decoding=\"async\" width=\"800\" height=\"323\" src=\"https:\/\/blaum.de\/wp-content\/uploads\/2021\/05\/resources_Server_2020_Blaum-693280510-1024x413.jpg\" class=\"attachment-large size-large wp-image-1488\" alt=\"Blaum Dettmers Rabstein\" srcset=\"https:\/\/blaum.de\/wp-content\/uploads\/2021\/05\/resources_Server_2020_Blaum-693280510-1024x413.jpg 1024w, https:\/\/blaum.de\/wp-content\/uploads\/2021\/05\/resources_Server_2020_Blaum-693280510-300x121.jpg 300w, https:\/\/blaum.de\/wp-content\/uploads\/2021\/05\/resources_Server_2020_Blaum-693280510-768x310.jpg 768w, https:\/\/blaum.de\/wp-content\/uploads\/2021\/05\/resources_Server_2020_Blaum-693280510-16x6.jpg 16w, https:\/\/blaum.de\/wp-content\/uploads\/2021\/05\/resources_Server_2020_Blaum-693280510.jpg 1240w\" sizes=\"(max-width: 800px) 100vw, 800px\" \/>\t\t\t\t\t\t\t\t\t\t\t\t\t\t\t<\/div>\n\t\t\t\t\t<\/div>\n\t\t<\/div>\n\t\t\t\t\t<\/div>\n\t\t<\/section>\n\t\t\t\t<section class=\"elementor-section elementor-top-section elementor-element elementor-element-f128989 elementor-section-boxed elementor-section-height-default elementor-section-height-default\" data-id=\"f128989\" data-element_type=\"section\" data-e-type=\"section\">\n\t\t\t\t\t\t<div class=\"elementor-container elementor-column-gap-default\">\n\t\t\t\t\t<div class=\"elementor-column elementor-col-100 elementor-top-column elementor-element elementor-element-c8b8ef9\" data-id=\"c8b8ef9\" data-element_type=\"column\" data-e-type=\"column\">\n\t\t\t<div class=\"elementor-widget-wrap elementor-element-populated\">\n\t\t\t\t\t\t<div class=\"elementor-element elementor-element-0c97476 elementor-widget elementor-widget-heading\" data-id=\"0c97476\" data-element_type=\"widget\" data-e-type=\"widget\" data-widget_type=\"heading.default\">\n\t\t\t\t\t<h2 class=\"elementor-heading-title elementor-size-default\">lawyers in munich<\/h2>\t\t\t\t<\/div>\n\t\t\t\t<div class=\"elementor-element elementor-element-7208d68 elementor-widget elementor-widget-text-editor\" data-id=\"7208d68\" data-element_type=\"widget\" data-e-type=\"widget\" data-widget_type=\"text-editor.default\">\n\t\t\t\t\t\t\t\t\t<div class=\"onairAdminLayoutNode onairLayoutNode style_margin_top_20 Potiscom_Cms_Element_Html\" data-onairnodeproperties=\"{\"><p>At our Munich office, our specialist lawyers will provide you with support in all areas of economic law, from commercial law, business organisation law, maritime and transport law, right through to employment law.<\/p><\/div>\t\t\t\t\t\t\t\t<\/div>\n\t\t\t\t\t<\/div>\n\t\t<\/div>\n\t\t\t\t\t<\/div>\n\t\t<\/section>\n\t\t\t\t<section class=\"elementor-section elementor-top-section elementor-element elementor-element-12b0156f elementor-section-content-middle elementor-section-stretched elementor-section-boxed elementor-section-height-default elementor-section-height-default\" data-id=\"12b0156f\" data-element_type=\"section\" data-e-type=\"section\" id=\"postgrid\" data-settings=\"{&quot;background_background&quot;:&quot;classic&quot;,&quot;stretch_section&quot;:&quot;section-stretched&quot;}\">\n\t\t\t\t\t\t<div class=\"elementor-container elementor-column-gap-no\">\n\t\t\t\t\t<div class=\"elementor-column elementor-col-100 elementor-top-column elementor-element elementor-element-7277e981\" data-id=\"7277e981\" data-element_type=\"column\" data-e-type=\"column\" data-settings=\"{&quot;background_background&quot;:&quot;classic&quot;}\">\n\t\t\t<div class=\"elementor-widget-wrap elementor-element-populated\">\n\t\t\t\t\t<div class=\"elementor-background-overlay\"><\/div>\n\t\t\t\t\t\t<div class=\"elementor-element elementor-element-505f933c animated-slow elementor-grid-5 elementor-posts--align-left elementor-posts__hover-none elementor-grid-tablet-2 elementor-grid-mobile-1 elementor-posts--thumbnail-top elementor-invisible elementor-widget elementor-widget-posts\" data-id=\"505f933c\" data-element_type=\"widget\" data-e-type=\"widget\" data-settings=\"{&quot;_animation&quot;:&quot;fadeIn&quot;,&quot;pagination_type&quot;:&quot;numbers&quot;,&quot;cards_columns&quot;:&quot;5&quot;,&quot;cards_row_gap&quot;:{&quot;unit&quot;:&quot;px&quot;,&quot;size&quot;:28,&quot;sizes&quot;:[]},&quot;cards_columns_tablet&quot;:&quot;2&quot;,&quot;cards_columns_mobile&quot;:&quot;1&quot;,&quot;cards_row_gap_tablet&quot;:{&quot;unit&quot;:&quot;px&quot;,&quot;size&quot;:&quot;&quot;,&quot;sizes&quot;:[]},&quot;cards_row_gap_mobile&quot;:{&quot;unit&quot;:&quot;px&quot;,&quot;size&quot;:&quot;&quot;,&quot;sizes&quot;:[]}}\" data-widget_type=\"posts.cards\">\n\t\t\t\t<div class=\"elementor-widget-container\">\n\t\t\t\t\t\t\t<div class=\"elementor-posts-container elementor-posts elementor-posts--skin-cards elementor-grid\" role=\"list\">\n\t\t\t\t<article class=\"elementor-post elementor-grid-item post-1308 anwlte type-anwlte status-publish format-standard has-post-thumbnail hentry category-arbeitsrecht category-muenchen category-seehandels-transportrecht\" role=\"listitem\">\n\t\t\t<div class=\"elementor-post__card\">\n\t\t\t\t<a class=\"elementor-post__thumbnail__link\" href=\"https:\/\/blaum.de\/en\/Anw\u00e4lte\/dr-martin-miebach\/\" tabindex=\"-1\" ><div class=\"elementor-post__thumbnail\"><img decoding=\"async\" width=\"300\" height=\"170\" src=\"https:\/\/blaum.de\/wp-content\/uploads\/2021\/04\/resources_Server_P-neu_Martin_Miebach-300x170.jpg\" class=\"attachment-medium size-medium wp-image-1309\" alt=\"Rechtsanwalt, Fachanwalt f\u00fcr Arbeitsrecht DR. MARTIN MIEBACH\" srcset=\"https:\/\/blaum.de\/wp-content\/uploads\/2021\/04\/resources_Server_P-neu_Martin_Miebach-300x170.jpg 300w, https:\/\/blaum.de\/wp-content\/uploads\/2021\/04\/resources_Server_P-neu_Martin_Miebach-768x436.jpg 768w, https:\/\/blaum.de\/wp-content\/uploads\/2021\/04\/resources_Server_P-neu_Martin_Miebach.jpg 920w\" sizes=\"(max-width: 300px) 100vw, 300px\" \/><\/div><\/a>\n\t\t\t\t<div class=\"elementor-post__text\">\n\t\t\t\t<h3 class=\"elementor-post__title\">\n\t\t\t<a href=\"https:\/\/blaum.de\/en\/Anw\u00e4lte\/dr-martin-miebach\/\" >\n\t\t\t\tDr. Martin Miebach\t\t\t<\/a>\n\t\t<\/h3>\n\t\t\t\t<div class=\"elementor-post__excerpt\">\n\t\t\t<p>Lawyer, certified specialist lawyer in labour law<\/p>\n\t\t<\/div>\n\t\t\n\t\t<a class=\"elementor-post__read-more\" href=\"https:\/\/blaum.de\/en\/Anw\u00e4lte\/dr-martin-miebach\/\" aria-label=\"Read more about Dr. Martin Miebach\" tabindex=\"-1\" >\n\t\t\t\t\t<\/a>\n\n\t\t\t\t<\/div>\n\t\t\t\t\t<\/div>\n\t\t<\/article>\n\t\t\t\t<article class=\"elementor-post elementor-grid-item post-1278 anwlte type-anwlte status-publish format-standard has-post-thumbnail hentry category-muenchen category-seehandels-transportrecht\" role=\"listitem\">\n\t\t\t<div class=\"elementor-post__card\">\n\t\t\t\t<a class=\"elementor-post__thumbnail__link\" href=\"https:\/\/blaum.de\/en\/Anw\u00e4lte\/dr-michael-zapp\/\" tabindex=\"-1\" ><div class=\"elementor-post__thumbnail\"><img decoding=\"async\" width=\"300\" height=\"170\" src=\"https:\/\/blaum.de\/wp-content\/uploads\/2021\/04\/resources_Server_P-neu_Michael_Zapp-300x170.jpg\" class=\"attachment-medium size-medium wp-image-1279\" alt=\"Rechtsanwalt, Fachanwalt f\u00fcr Transport- und Speditionsrecht DR. MICHAEL ZAPP\" srcset=\"https:\/\/blaum.de\/wp-content\/uploads\/2021\/04\/resources_Server_P-neu_Michael_Zapp-300x170.jpg 300w, https:\/\/blaum.de\/wp-content\/uploads\/2021\/04\/resources_Server_P-neu_Michael_Zapp-768x436.jpg 768w, https:\/\/blaum.de\/wp-content\/uploads\/2021\/04\/resources_Server_P-neu_Michael_Zapp.jpg 920w\" sizes=\"(max-width: 300px) 100vw, 300px\" \/><\/div><\/a>\n\t\t\t\t<div class=\"elementor-post__text\">\n\t\t\t\t<h3 class=\"elementor-post__title\">\n\t\t\t<a href=\"https:\/\/blaum.de\/en\/Anw\u00e4lte\/dr-michael-zapp\/\" >\n\t\t\t\tDr. Michael Zapp\t\t\t<\/a>\n\t\t<\/h3>\n\t\t\t\t<div class=\"elementor-post__excerpt\">\n\t\t\t<p>Lawyer, certified specialist lawyer in transport and forwarding law<\/p>\n\t\t<\/div>\n\t\t\n\t\t<a class=\"elementor-post__read-more\" href=\"https:\/\/blaum.de\/en\/Anw\u00e4lte\/dr-michael-zapp\/\" aria-label=\"Read more about Dr. Michael Zapp\" tabindex=\"-1\" >\n\t\t\t\t\t<\/a>\n\n\t\t\t\t<\/div>\n\t\t\t\t\t<\/div>\n\t\t<\/article>\n\t\t\t\t<\/div>\n\t\t\n\t\t\t\t\t\t<\/div>\n\t\t\t\t<\/div>\n\t\t\t\t\t<\/div>\n\t\t<\/div>\n\t\t\t\t\t<\/div>\n\t\t<\/section>\n\t\t\t\t<\/div>","protected":false},"excerpt":{"rendered":"<p>RECHTSANW\u00c4LTE IN M\u00fcnchen An unserem Sitz in M\u00fcnchen unterst\u00fctzen Sie unsere spezialisierten Rechtsanw\u00e4lte in allen Bereichen des Wirtschaftsrechts, von Handelsrecht, Unternehmensorganisationsrecht, Seehandels- und Transportrecht bis zu Arbeitsrecht.<\/p>","protected":false},"author":1,"featured_media":0,"parent":0,"menu_order":0,"comment_status":"closed","ping_status":"closed","template":"","meta":{"_acf_changed":false,"footnotes":""},"class_list":["post-1486","page","type-page","status-publish","hentry"],"acf":[],"yoast_head":"<!-- This site is optimized with the Yoast SEO plugin v27.4 - https:\/\/yoast.com\/product\/yoast-seo-wordpress\/ -->\n<title>Anw\u00e4lte M\u00fcnchen - blaum<\/title>\n<meta name=\"description\" content=\"An unserem Sitz in M\u00fcnchen unterst\u00fctzen Sie unsere spezialisierten Rechtsanw\u00e4lte in allen Bereichen des Wirtschaftsrechts, von Handelsrecht, Unternehmensorganisationsrecht, Seehandels- und Transportrecht bis zu Arbeitsrecht.\" \/>\n<meta name=\"robots\" content=\"index, follow, max-snippet:-1, max-image-preview:large, max-video-preview:-1\" \/>\n<link rel=\"canonical\" href=\"https:\/\/blaum.de\/en\/anwaelte-muenchen\/\" \/>\n<meta property=\"og:locale\" content=\"en_US\" \/>\n<meta property=\"og:type\" content=\"article\" \/>\n<meta property=\"og:title\" content=\"Anw\u00e4lte M\u00fcnchen - blaum\" \/>\n<meta property=\"og:description\" content=\"An unserem Sitz in M\u00fcnchen unterst\u00fctzen Sie unsere spezialisierten Rechtsanw\u00e4lte in allen Bereichen des Wirtschaftsrechts, von Handelsrecht, Unternehmensorganisationsrecht, Seehandels- und Transportrecht bis zu Arbeitsrecht.\" \/>\n<meta property=\"og:url\" content=\"https:\/\/blaum.de\/en\/anwaelte-muenchen\/\" \/>\n<meta property=\"og:site_name\" content=\"blaum\" \/>\n<meta property=\"article:modified_time\" content=\"2023-03-28T06:22:22+00:00\" \/>\n<meta property=\"og:image\" content=\"https:\/\/blaum.de\/wp-content\/uploads\/2021\/05\/resources_Server_2020_Blaum-693280510-1024x413.jpg\" \/>\n<meta name=\"twitter:card\" content=\"summary_large_image\" \/>\n<script type=\"application\/ld+json\" class=\"yoast-schema-graph\">{\"@context\":\"https:\\\/\\\/schema.org\",\"@graph\":[{\"@type\":\"WebPage\",\"@id\":\"https:\\\/\\\/blaum.de\\\/en\\\/anwaelte-muenchen\\\/\",\"url\":\"https:\\\/\\\/blaum.de\\\/en\\\/anwaelte-muenchen\\\/\",\"name\":\"Anw\u00e4lte M\u00fcnchen - blaum\",\"isPartOf\":{\"@id\":\"https:\\\/\\\/blaum.de\\\/#website\"},\"primaryImageOfPage\":{\"@id\":\"https:\\\/\\\/blaum.de\\\/en\\\/anwaelte-muenchen\\\/#primaryimage\"},\"image\":{\"@id\":\"https:\\\/\\\/blaum.de\\\/en\\\/anwaelte-muenchen\\\/#primaryimage\"},\"thumbnailUrl\":\"https:\\\/\\\/blaum.de\\\/wp-content\\\/uploads\\\/2021\\\/05\\\/resources_Server_2020_Blaum-693280510-1024x413.jpg\",\"datePublished\":\"2021-05-02T14:58:05+00:00\",\"dateModified\":\"2023-03-28T06:22:22+00:00\",\"description\":\"An unserem Sitz in M\u00fcnchen unterst\u00fctzen Sie unsere spezialisierten Rechtsanw\u00e4lte in allen Bereichen des Wirtschaftsrechts, von Handelsrecht, Unternehmensorganisationsrecht, Seehandels- und Transportrecht bis zu Arbeitsrecht.\",\"breadcrumb\":{\"@id\":\"https:\\\/\\\/blaum.de\\\/en\\\/anwaelte-muenchen\\\/#breadcrumb\"},\"inLanguage\":\"en-US\",\"potentialAction\":[{\"@type\":\"ReadAction\",\"target\":[\"https:\\\/\\\/blaum.de\\\/en\\\/anwaelte-muenchen\\\/\"]}]},{\"@type\":\"ImageObject\",\"inLanguage\":\"en-US\",\"@id\":\"https:\\\/\\\/blaum.de\\\/en\\\/anwaelte-muenchen\\\/#primaryimage\",\"url\":\"https:\\\/\\\/blaum.de\\\/wp-content\\\/uploads\\\/2021\\\/05\\\/resources_Server_2020_Blaum-693280510-1024x413.jpg\",\"contentUrl\":\"https:\\\/\\\/blaum.de\\\/wp-content\\\/uploads\\\/2021\\\/05\\\/resources_Server_2020_Blaum-693280510-1024x413.jpg\"},{\"@type\":\"BreadcrumbList\",\"@id\":\"https:\\\/\\\/blaum.de\\\/en\\\/anwaelte-muenchen\\\/#breadcrumb\",\"itemListElement\":[{\"@type\":\"ListItem\",\"position\":1,\"name\":\"Startseite\",\"item\":\"https:\\\/\\\/blaum.de\\\/\"},{\"@type\":\"ListItem\",\"position\":2,\"name\":\"Anw\u00e4lte M\u00fcnchen\"}]},{\"@type\":\"WebSite\",\"@id\":\"https:\\\/\\\/blaum.de\\\/#website\",\"url\":\"https:\\\/\\\/blaum.de\\\/\",\"name\":\"blaum\",\"description\":\"Blaum Dettmers Rabstein Rechtsanwaltspartnerschaft mbB\",\"publisher\":{\"@id\":\"https:\\\/\\\/blaum.de\\\/#organization\"},\"potentialAction\":[{\"@type\":\"SearchAction\",\"target\":{\"@type\":\"EntryPoint\",\"urlTemplate\":\"https:\\\/\\\/blaum.de\\\/?s={search_term_string}\"},\"query-input\":{\"@type\":\"PropertyValueSpecification\",\"valueRequired\":true,\"valueName\":\"search_term_string\"}}],\"inLanguage\":\"en-US\"},{\"@type\":\"Organization\",\"@id\":\"https:\\\/\\\/blaum.de\\\/#organization\",\"name\":\"Blaum Dettmers Rabstein\",\"url\":\"https:\\\/\\\/blaum.de\\\/\",\"logo\":{\"@type\":\"ImageObject\",\"inLanguage\":\"en-US\",\"@id\":\"https:\\\/\\\/blaum.de\\\/#\\\/schema\\\/logo\\\/image\\\/\",\"url\":\"https:\\\/\\\/blaum.de\\\/wp-content\\\/uploads\\\/2021\\\/04\\\/logo-blaum-dettmers-rabstein.png\",\"contentUrl\":\"https:\\\/\\\/blaum.de\\\/wp-content\\\/uploads\\\/2021\\\/04\\\/logo-blaum-dettmers-rabstein.png\",\"width\":721,\"height\":236,\"caption\":\"Blaum Dettmers Rabstein\"},\"image\":{\"@id\":\"https:\\\/\\\/blaum.de\\\/#\\\/schema\\\/logo\\\/image\\\/\"},\"sameAs\":[\"https:\\\/\\\/www.xing.com\\\/pages\\\/blaumdettmersrabstein\",\"https:\\\/\\\/www.instagram.com\\\/blaumdettmersrabstein\\\/\",\"https:\\\/\\\/www.linkedin.com\\\/uas\\\/login?session_redirect=httpswww.linkedin.comcompany6786448adminfeedposts\"]}]}<\/script>\n<!-- \/ Yoast SEO plugin. -->","yoast_head_json":{"title":"Anw\u00e4lte M\u00fcnchen - blaum","description":"At our Munich office, our specialist lawyers will provide you with support in all areas of economic law, from commercial law, business organisation law, maritime and transport law, right through to employment law.","robots":{"index":"index","follow":"follow","max-snippet":"max-snippet:-1","max-image-preview":"max-image-preview:large","max-video-preview":"max-video-preview:-1"},"canonical":"https:\/\/blaum.de\/en\/anwaelte-muenchen\/","og_locale":"en_US","og_type":"article","og_title":"Anw\u00e4lte M\u00fcnchen - blaum","og_description":"An unserem Sitz in M\u00fcnchen unterst\u00fctzen Sie unsere spezialisierten Rechtsanw\u00e4lte in allen Bereichen des Wirtschaftsrechts, von Handelsrecht, Unternehmensorganisationsrecht, Seehandels- und Transportrecht bis zu Arbeitsrecht.","og_url":"https:\/\/blaum.de\/en\/anwaelte-muenchen\/","og_site_name":"blaum","article_modified_time":"2023-03-28T06:22:22+00:00","og_image":[{"url":"https:\/\/blaum.de\/wp-content\/uploads\/2021\/05\/resources_Server_2020_Blaum-693280510-1024x413.jpg","type":"","width":"","height":""}],"twitter_card":"summary_large_image","schema":{"@context":"https:\/\/schema.org","@graph":[{"@type":"WebPage","@id":"https:\/\/blaum.de\/en\/anwaelte-muenchen\/","url":"https:\/\/blaum.de\/en\/anwaelte-muenchen\/","name":"Anw\u00e4lte M\u00fcnchen - blaum","isPartOf":{"@id":"https:\/\/blaum.de\/#website"},"primaryImageOfPage":{"@id":"https:\/\/blaum.de\/en\/anwaelte-muenchen\/#primaryimage"},"image":{"@id":"https:\/\/blaum.de\/en\/anwaelte-muenchen\/#primaryimage"},"thumbnailUrl":"https:\/\/blaum.de\/wp-content\/uploads\/2021\/05\/resources_Server_2020_Blaum-693280510-1024x413.jpg","datePublished":"2021-05-02T14:58:05+00:00","dateModified":"2023-03-28T06:22:22+00:00","description":"At our Munich office, our specialist lawyers will provide you with support in all areas of economic law, from commercial law, business organisation law, maritime and transport law, right through to employment law.","breadcrumb":{"@id":"https:\/\/blaum.de\/en\/anwaelte-muenchen\/#breadcrumb"},"inLanguage":"en-US","potentialAction":[{"@type":"ReadAction","target":["https:\/\/blaum.de\/en\/anwaelte-muenchen\/"]}]},{"@type":"ImageObject","inLanguage":"en-US","@id":"https:\/\/blaum.de\/en\/anwaelte-muenchen\/#primaryimage","url":"https:\/\/blaum.de\/wp-content\/uploads\/2021\/05\/resources_Server_2020_Blaum-693280510-1024x413.jpg","contentUrl":"https:\/\/blaum.de\/wp-content\/uploads\/2021\/05\/resources_Server_2020_Blaum-693280510-1024x413.jpg"},{"@type":"BreadcrumbList","@id":"https:\/\/blaum.de\/en\/anwaelte-muenchen\/#breadcrumb","itemListElement":[{"@type":"ListItem","position":1,"name":"Startseite","item":"https:\/\/blaum.de\/"},{"@type":"ListItem","position":2,"name":"Anw\u00e4lte M\u00fcnchen"}]},{"@type":"WebSite","@id":"https:\/\/blaum.de\/#website","url":"https:\/\/blaum.de\/","name":"blaum","description":"Blaum Dettmers Rabstein Rechtsanwaltspartnerschaft mbB","publisher":{"@id":"https:\/\/blaum.de\/#organization"},"potentialAction":[{"@type":"SearchAction","target":{"@type":"EntryPoint","urlTemplate":"https:\/\/blaum.de\/?s={search_term_string}"},"query-input":{"@type":"PropertyValueSpecification","valueRequired":true,"valueName":"search_term_string"}}],"inLanguage":"en-US"},{"@type":"Organization","@id":"https:\/\/blaum.de\/#organization","name":"Blaum Dettmers Rabstein","url":"https:\/\/blaum.de\/","logo":{"@type":"ImageObject","inLanguage":"en-US","@id":"https:\/\/blaum.de\/#\/schema\/logo\/image\/","url":"https:\/\/blaum.de\/wp-content\/uploads\/2021\/04\/logo-blaum-dettmers-rabstein.png","contentUrl":"https:\/\/blaum.de\/wp-content\/uploads\/2021\/04\/logo-blaum-dettmers-rabstein.png","width":721,"height":236,"caption":"Blaum Dettmers Rabstein"},"image":{"@id":"https:\/\/blaum.de\/#\/schema\/logo\/image\/"},"sameAs":["https:\/\/www.xing.com\/pages\/blaumdettmersrabstein","https:\/\/www.instagram.com\/blaumdettmersrabstein\/","https:\/\/www.linkedin.com\/uas\/login?session_redirect=httpswww.linkedin.comcompany6786448adminfeedposts"]}]}},"_links":{"self":[{"href":"https:\/\/blaum.de\/en\/wp-json\/wp\/v2\/pages\/1486","targetHints":{"allow":["GET"]}}],"collection":[{"href":"https:\/\/blaum.de\/en\/wp-json\/wp\/v2\/pages"}],"about":[{"href":"https:\/\/blaum.de\/en\/wp-json\/wp\/v2\/types\/page"}],"author":[{"embeddable":true,"href":"https:\/\/blaum.de\/en\/wp-json\/wp\/v2\/users\/1"}],"replies":[{"embeddable":true,"href":"https:\/\/blaum.de\/en\/wp-json\/wp\/v2\/comments?post=1486"}],"version-history":[{"count":0,"href":"https:\/\/blaum.de\/en\/wp-json\/wp\/v2\/pages\/1486\/revisions"}],"wp:attachment":[{"href":"https:\/\/blaum.de\/en\/wp-json\/wp\/v2\/media?parent=1486"}],"curies":[{"name":"wp","href":"https:\/\/api.w.org\/{rel}","templated":true}]}}